{"id":8,"date":"2014-04-30T09:57:18","date_gmt":"2014-04-30T07:57:18","guid":{"rendered":"http:\/\/www.norcross.se\/madewithlove\/?page_id=8"},"modified":"2021-10-15T18:55:37","modified_gmt":"2021-10-15T16:55:37","slug":"hyresgaster","status":"publish","type":"page","link":"https:\/\/ventilohuset.se\/ventilo2\/hyresgaster\/","title":{"rendered":"Hyresg\u00e4ster"},"content":{"rendered":"<div id=\"cs-content\" class=\"cs-content\"><\/div>\n","protected":false},"excerpt":{"rendered":"<p>Hyresg\u00e4sterH\u00e4r kan du l\u00e4sa mer om v\u00e5ra hyresg\u00e4ster. Klicka p\u00e5 ett f\u00f6retagsnamn s\u00e5 f\u00e5r du ta del av deras verksamhetsbeskrivning. Det f\u00f6retag som har l\u00e4mnat mer information \u00e4r markerade med ett \u201d+\u201d.<\/p>\n","protected":false},"author":4,"featured_media":0,"parent":0,"menu_order":4,"comment_status":"closed","ping_status":"closed","template":"template-layout-companies.php","meta":{"footnotes":""},"_links":{"self":[{"href":"https:\/\/ventilohuset.se\/ventilo2\/wp-json\/wp\/v2\/pages\/8"}],"collection":[{"href":"https:\/\/ventilohuset.se\/ventilo2\/wp-json\/wp\/v2\/pages"}],"about":[{"href":"https:\/\/ventilohuset.se\/ventilo2\/wp-json\/wp\/v2\/types\/page"}],"author":[{"embeddable":true,"href":"https:\/\/ventilohuset.se\/ventilo2\/wp-json\/wp\/v2\/users\/4"}],"replies":[{"embeddable":true,"href":"https:\/\/ventilohuset.se\/ventilo2\/wp-json\/wp\/v2\/comments?post=8"}],"version-history":[{"count":8,"href":"https:\/\/ventilohuset.se\/ventilo2\/wp-json\/wp\/v2\/pages\/8\/revisions"}],"predecessor-version":[{"id":482,"href":"https:\/\/ventilohuset.se\/ventilo2\/wp-json\/wp\/v2\/pages\/8\/revisions\/482"}],"wp:attachment":[{"href":"https:\/\/ventilohuset.se\/ventilo2\/wp-json\/wp\/v2\/media?parent=8"}],"curies":[{"name":"wp","href":"https:\/\/api.w.org\/{rel}","templated":true}]}}