{"id":7,"date":"2014-04-30T09:57:06","date_gmt":"2014-04-30T07:57:06","guid":{"rendered":"http:\/\/www.norcross.se\/madewithlove\/?page_id=7"},"modified":"2024-10-04T13:56:54","modified_gmt":"2024-10-04T11:56:54","slug":"all-inclusive","status":"publish","type":"page","link":"https:\/\/ventilohuset.se\/ventilo2\/all-inclusive\/","title":{"rendered":"All inclusive"},"content":{"rendered":"<div id=\"cs-content\" class=\"cs-content\"><\/div>\n","protected":false},"excerpt":{"rendered":"<p>Hos oss ing\u00e5r allt!Som hyresg\u00e4st p\u00e5 Ventilo\u00a0 2.0 kontorshotell har du f\u00f6rutom ett snyggt kontorsrum ocks\u00e5 tillg\u00e5ng till f\u00f6ljande: \u2022 Konferens- och m\u00f6tesrum i olika storlekar \u2022 Stor lounge f\u00f6r h\u00e4ng och arbete \u2022 Internet \u2022 Postbox \u2022 Kopieringsmaskin \u2022 Dusch \u2022 Kostnadsfria event och f\u00f6rel\u00e4sningar \u2022 Sk\u00f6nt socialt h\u00e4ng Allt ing\u00e5r i hyran! INTERNET\/EL Tr\u00e5dl\u00f6sa n\u00e4tverk finns i konferens- &#8230; <a href=\"https:\/\/ventilohuset.se\/ventilo2\/all-inclusive\/\" class=\"more-link\">Read More<\/a><\/p>\n","protected":false},"author":4,"featured_media":0,"parent":0,"menu_order":3,"comment_status":"closed","ping_status":"closed","template":"template-blank-4.php","meta":{"footnotes":""},"_links":{"self":[{"href":"https:\/\/ventilohuset.se\/ventilo2\/wp-json\/wp\/v2\/pages\/7"}],"collection":[{"href":"https:\/\/ventilohuset.se\/ventilo2\/wp-json\/wp\/v2\/pages"}],"about":[{"href":"https:\/\/ventilohuset.se\/ventilo2\/wp-json\/wp\/v2\/types\/page"}],"author":[{"embeddable":true,"href":"https:\/\/ventilohuset.se\/ventilo2\/wp-json\/wp\/v2\/users\/4"}],"replies":[{"embeddable":true,"href":"https:\/\/ventilohuset.se\/ventilo2\/wp-json\/wp\/v2\/comments?post=7"}],"version-history":[{"count":33,"href":"https:\/\/ventilohuset.se\/ventilo2\/wp-json\/wp\/v2\/pages\/7\/revisions"}],"predecessor-version":[{"id":595,"href":"https:\/\/ventilohuset.se\/ventilo2\/wp-json\/wp\/v2\/pages\/7\/revisions\/595"}],"wp:attachment":[{"href":"https:\/\/ventilohuset.se\/ventilo2\/wp-json\/wp\/v2\/media?parent=7"}],"curies":[{"name":"wp","href":"https:\/\/api.w.org\/{rel}","templated":true}]}}