{"id":10,"date":"2014-04-30T09:57:26","date_gmt":"2014-04-30T07:57:26","guid":{"rendered":"http:\/\/www.norcross.se\/madewithlove\/?page_id=10"},"modified":"2023-09-27T11:16:54","modified_gmt":"2023-09-27T09:16:54","slug":"kontakt","status":"publish","type":"page","link":"https:\/\/ventilohuset.se\/ventilo2\/kontakt\/","title":{"rendered":"Kontakt"},"content":{"rendered":"<div id=\"cs-content\" class=\"cs-content\"><\/div>\n","protected":false},"excerpt":{"rendered":"<p>KontaktHitta hitParkeringDet finns m\u00e5nga parkeringsalternativ. Klicka h\u00e4r f\u00f6r mer info. Koordinator\/uthyrning Karin Modigg\u00e5rd 070-351 50 16 karin.modiggard@maleryd.se Fastighetssk\u00f6tare Nicklas Karlsson 076-761 50 16 nicklas@maleryd.se<\/p>\n","protected":false},"author":4,"featured_media":0,"parent":0,"menu_order":6,"comment_status":"closed","ping_status":"closed","template":"template-blank-4.php","meta":{"footnotes":""},"_links":{"self":[{"href":"https:\/\/ventilohuset.se\/ventilo2\/wp-json\/wp\/v2\/pages\/10"}],"collection":[{"href":"https:\/\/ventilohuset.se\/ventilo2\/wp-json\/wp\/v2\/pages"}],"about":[{"href":"https:\/\/ventilohuset.se\/ventilo2\/wp-json\/wp\/v2\/types\/page"}],"author":[{"embeddable":true,"href":"https:\/\/ventilohuset.se\/ventilo2\/wp-json\/wp\/v2\/users\/4"}],"replies":[{"embeddable":true,"href":"https:\/\/ventilohuset.se\/ventilo2\/wp-json\/wp\/v2\/comments?post=10"}],"version-history":[{"count":26,"href":"https:\/\/ventilohuset.se\/ventilo2\/wp-json\/wp\/v2\/pages\/10\/revisions"}],"predecessor-version":[{"id":563,"href":"https:\/\/ventilohuset.se\/ventilo2\/wp-json\/wp\/v2\/pages\/10\/revisions\/563"}],"wp:attachment":[{"href":"https:\/\/ventilohuset.se\/ventilo2\/wp-json\/wp\/v2\/media?parent=10"}],"curies":[{"name":"wp","href":"https:\/\/api.w.org\/{rel}","templated":true}]}}